{"id":81,"date":"2024-03-15T13:05:25","date_gmt":"2024-03-15T13:05:25","guid":{"rendered":"http:\/\/refer"},"modified":"2024-03-18T09:50:54","modified_gmt":"2024-03-18T09:50:54","slug":"uber","status":"publish","type":"page","link":"https:\/\/www.larne-cairnryan.com\/de\/uber\/","title":{"rendered":"\u00dcber"},"content":{"rendered":"\n<p>Willkommen auf der Website Larne-Cairnryan.com. Man k\u00f6nnte es ein ambitioniertes Hobbyprojekt nennen. Was als Initiative begann, um grundlegende Informationen \u00fcber die \u00dcberfahrt vom <a href=\"https:\/\/larne-cairnryan.com\/de\/larne-hafen\/\">Larne hafen<\/a> zum <a href=\"https:\/\/larne-cairnryan.com\/de\/cairnryan-hafen\/\">Cairnryan hafe<\/a>n bereitzustellen, hat sich zu einer umfassenden Plattform entwickelt, die alles rund um diese Reise abdeckt.<\/p>\n\n\n\n<h2 class=\"wp-block-heading\">Was werden Sie auf unserer Website entdecken?<\/h2>\n\n\n\n<p>Unser Ziel ist es, alle notwendigen Werkzeuge f\u00fcr eine problemlose \u00dcberfahrt von Larne nach Cairnryan bereitzustellen. F\u00fcr uns bedeutet das mehr als nur die Auflistung von Preisen. Nat\u00fcrlich ist es hilfreich, die <a href=\"https:\/\/larne-cairnryan.com\/de\/wettervorhersage\/\">Wettervorhersage <\/a>f\u00fcr beide H\u00e4fen und w\u00e4hrend der F\u00e4hrfahrt zu pr\u00fcfen. Und wie sieht es mit den Erfahrungen fr\u00fcherer Reisender aus? Es ist immer sch\u00f6n, im Voraus eine Vorstellung davon zu haben, was einen erwartet. Deshalb haben wir auch <a href=\"https:\/\/larne-cairnryan.com\/de\/videos\/\">Videos <\/a>f\u00fcr Sie zusammengestellt!<\/p>\n\n\n\n<p>Folgendes k\u00f6nnen Sie auf Larne-Cairnryan.com erkunden:<\/p>\n\n\n\n<ul class=\"wp-block-list\">\n<li>Hafeninformationen (Kontakt, Adresse und Wegbeschreibung)<\/li>\n\n\n\n<li>Aktuelle Fahrpl\u00e4ne (von beiden H\u00e4fen)<\/li>\n\n\n\n<li>Videos und Live-Webcams<\/li>\n\n\n\n<li>Aktuelle Wettervorhersage<\/li>\n<\/ul>\n\n\n\n<h3 class=\"wp-block-heading\">In Kontakt kommen!<\/h3>\n\n\n\n<p>Wenn Sie das Gef\u00fchl haben, dass etwas fehlt oder Sie Fragen zu dieser \u00dcberfahrt haben, k\u00f6nnen Sie sich jederzeit an uns wenden. Sie k\u00f6nnen dies tun, indem Sie eine <a href=\"https:\/\/larne-cairnryan.com\/de\/kontakt\/\">Nachricht \u00fcber das Kontaktformular senden<\/a>.<\/p>\n","protected":false},"excerpt":{"rendered":"<p>Willkommen auf der Website Larne-Cairnryan.com. Man k\u00f6nnte es ein ambitioniertes Hobbyprojekt nennen. Was als Initiative begann, um grundlegende Informationen \u00fcber [&hellip;]<\/p>\n","protected":false},"author":1,"featured_media":0,"parent":0,"menu_order":0,"comment_status":"closed","ping_status":"closed","template":"","meta":{"inline_featured_image":false,"site-sidebar-layout":"default","site-content-layout":"","ast-site-content-layout":"default","site-content-style":"default","site-sidebar-style":"default","ast-global-header-display":"","ast-banner-title-visibility":"","ast-main-header-display":"","ast-hfb-above-header-display":"","ast-hfb-below-header-display":"","ast-hfb-mobile-header-display":"","site-post-title":"","ast-breadcrumbs-content":"","ast-featured-img":"","footer-sml-layout":"","ast-disable-related-posts":"","theme-transparent-header-meta":"","adv-header-id-meta":"","stick-header-meta":"","header-above-stick-meta":"","header-main-stick-meta":"","header-below-stick-meta":"","astra-migrate-meta-layouts":"default","ast-page-background-enabled":"default","ast-page-background-meta":{"desktop":{"background-color":"var(--ast-global-color-4)","background-image":"","background-repeat":"repeat","background-position":"center center","background-size":"auto","background-attachment":"scroll","background-type":"","background-media":"","overlay-type":"","overlay-color":"","overlay-opacity":"","overlay-gradient":""},"tablet":{"background-color":"","background-image":"","background-repeat":"repeat","background-position":"center center","background-size":"auto","background-attachment":"scroll","background-type":"","background-media":"","overlay-type":"","overlay-color":"","overlay-opacity":"","overlay-gradient":""},"mobile":{"background-color":"","background-image":"","background-repeat":"repeat","background-position":"center center","background-size":"auto","background-attachment":"scroll","background-type":"","background-media":"","overlay-type":"","overlay-color":"","overlay-opacity":"","overlay-gradient":""}},"ast-content-background-meta":{"desktop":{"background-color":"var(--ast-global-color-5)","background-image":"","background-repeat":"repeat","background-position":"center center","background-size":"auto","background-attachment":"scroll","background-type":"","background-media":"","overlay-type":"","overlay-color":"","overlay-opacity":"","overlay-gradient":""},"tablet":{"background-color":"var(--ast-global-color-5)","background-image":"","background-repeat":"repeat","background-position":"center center","background-size":"auto","background-attachment":"scroll","background-type":"","background-media":"","overlay-type":"","overlay-color":"","overlay-opacity":"","overlay-gradient":""},"mobile":{"background-color":"var(--ast-global-color-5)","background-image":"","background-repeat":"repeat","background-position":"center center","background-size":"auto","background-attachment":"scroll","background-type":"","background-media":"","overlay-type":"","overlay-color":"","overlay-opacity":"","overlay-gradient":""}},"footnotes":""},"class_list":["post-81","page","type-page","status-publish","hentry"],"yoast_head":"<!-- This site is optimized with the Yoast SEO plugin v27.2 - https:\/\/yoast.com\/product\/yoast-seo-wordpress\/ -->\n<title>\u00dcber us - F\u00e4hre Larne Cairnryan<\/title>\n<meta name=\"description\" content=\"Erfahren Sie mehr \u00fcber die Website Larne-cairnryan.com und erfahren Sie hier, was Sie \u00fcber diesen F\u00e4hrf\u00fchrer erfahren k\u00f6nnen.\" \/>\n<meta name=\"robots\" content=\"index, follow, max-snippet:-1, max-image-preview:large, max-video-preview:-1\" \/>\n<link rel=\"canonical\" href=\"https:\/\/www.larne-cairnryan.com\/de\/uber\/\" \/>\n<meta property=\"og:locale\" content=\"en_US\" \/>\n<meta property=\"og:type\" content=\"article\" \/>\n<meta property=\"og:title\" content=\"\u00dcber us - F\u00e4hre Larne Cairnryan\" \/>\n<meta property=\"og:description\" content=\"Erfahren Sie mehr \u00fcber die Website Larne-cairnryan.com und erfahren Sie hier, was Sie \u00fcber diesen F\u00e4hrf\u00fchrer erfahren k\u00f6nnen.\" \/>\n<meta property=\"og:url\" content=\"https:\/\/www.larne-cairnryan.com\/de\/uber\/\" \/>\n<meta property=\"og:site_name\" content=\"F\u00e4hre Larne Cairnryan\" \/>\n<meta property=\"article:modified_time\" content=\"2024-03-18T09:50:54+00:00\" \/>\n<meta name=\"twitter:card\" content=\"summary_large_image\" \/>\n<meta name=\"twitter:label1\" content=\"Est. reading time\" \/>\n\t<meta name=\"twitter:data1\" content=\"1 minute\" \/>\n<script type=\"application\/ld+json\" class=\"yoast-schema-graph\">{\"@context\":\"https:\/\/schema.org\",\"@graph\":[{\"@type\":[\"WebPage\",\"AboutPage\"],\"@id\":\"https:\/\/www.larne-cairnryan.com\/de\/uber\/\",\"url\":\"https:\/\/www.larne-cairnryan.com\/de\/uber\/\",\"name\":\"\u00dcber us - F\u00e4hre Larne Cairnryan\",\"isPartOf\":{\"@id\":\"https:\/\/www.larne-cairnryan.com\/de\/#website\"},\"datePublished\":\"2024-03-15T13:05:25+00:00\",\"dateModified\":\"2024-03-18T09:50:54+00:00\",\"description\":\"Erfahren Sie mehr \u00fcber die Website Larne-cairnryan.com und erfahren Sie hier, was Sie \u00fcber diesen F\u00e4hrf\u00fchrer erfahren k\u00f6nnen.\",\"breadcrumb\":{\"@id\":\"https:\/\/www.larne-cairnryan.com\/de\/uber\/#breadcrumb\"},\"inLanguage\":\"en-US\",\"potentialAction\":[{\"@type\":\"ReadAction\",\"target\":[\"https:\/\/www.larne-cairnryan.com\/de\/uber\/\"]}]},{\"@type\":\"BreadcrumbList\",\"@id\":\"https:\/\/www.larne-cairnryan.com\/de\/uber\/#breadcrumb\",\"itemListElement\":[{\"@type\":\"ListItem\",\"position\":1,\"name\":\"Startseite\",\"item\":\"https:\/\/www.larne-cairnryan.com\/de\/\"},{\"@type\":\"ListItem\",\"position\":2,\"name\":\"\u00dcber\"}]},{\"@type\":\"WebSite\",\"@id\":\"https:\/\/www.larne-cairnryan.com\/de\/#website\",\"url\":\"https:\/\/www.larne-cairnryan.com\/de\/\",\"name\":\"F\u00e4hre Larne Cairnryan\",\"description\":\"\",\"publisher\":{\"@id\":\"https:\/\/www.larne-cairnryan.com\/de\/#organization\"},\"potentialAction\":[{\"@type\":\"SearchAction\",\"target\":{\"@type\":\"EntryPoint\",\"urlTemplate\":\"https:\/\/www.larne-cairnryan.com\/de\/?s={search_term_string}\"},\"query-input\":{\"@type\":\"PropertyValueSpecification\",\"valueRequired\":true,\"valueName\":\"search_term_string\"}}],\"inLanguage\":\"en-US\"},{\"@type\":\"Organization\",\"@id\":\"https:\/\/www.larne-cairnryan.com\/de\/#organization\",\"name\":\"F\u00e4hre Larne Cairnryan\",\"url\":\"https:\/\/www.larne-cairnryan.com\/de\/\",\"logo\":{\"@type\":\"ImageObject\",\"inLanguage\":\"en-US\",\"@id\":\"https:\/\/www.larne-cairnryan.com\/de\/#\/schema\/logo\/image\/\",\"url\":\"https:\/\/www.larne-cairnryan.com\/de\/wp-content\/uploads\/sites\/2\/2024\/03\/larne-cairnryan-fahre.png\",\"contentUrl\":\"https:\/\/www.larne-cairnryan.com\/de\/wp-content\/uploads\/sites\/2\/2024\/03\/larne-cairnryan-fahre.png\",\"width\":360,\"height\":60,\"caption\":\"F\u00e4hre Larne Cairnryan\"},\"image\":{\"@id\":\"https:\/\/www.larne-cairnryan.com\/de\/#\/schema\/logo\/image\/\"}}]}<\/script>\n<!-- \/ Yoast SEO plugin. -->","yoast_head_json":{"title":"\u00dcber us - F\u00e4hre Larne Cairnryan","description":"Erfahren Sie mehr \u00fcber die Website Larne-cairnryan.com und erfahren Sie hier, was Sie \u00fcber diesen F\u00e4hrf\u00fchrer erfahren k\u00f6nnen.","robots":{"index":"index","follow":"follow","max-snippet":"max-snippet:-1","max-image-preview":"max-image-preview:large","max-video-preview":"max-video-preview:-1"},"canonical":"https:\/\/www.larne-cairnryan.com\/de\/uber\/","og_locale":"en_US","og_type":"article","og_title":"\u00dcber us - F\u00e4hre Larne Cairnryan","og_description":"Erfahren Sie mehr \u00fcber die Website Larne-cairnryan.com und erfahren Sie hier, was Sie \u00fcber diesen F\u00e4hrf\u00fchrer erfahren k\u00f6nnen.","og_url":"https:\/\/www.larne-cairnryan.com\/de\/uber\/","og_site_name":"F\u00e4hre Larne Cairnryan","article_modified_time":"2024-03-18T09:50:54+00:00","twitter_card":"summary_large_image","twitter_misc":{"Est. reading time":"1 minute"},"schema":{"@context":"https:\/\/schema.org","@graph":[{"@type":["WebPage","AboutPage"],"@id":"https:\/\/www.larne-cairnryan.com\/de\/uber\/","url":"https:\/\/www.larne-cairnryan.com\/de\/uber\/","name":"\u00dcber us - F\u00e4hre Larne Cairnryan","isPartOf":{"@id":"https:\/\/www.larne-cairnryan.com\/de\/#website"},"datePublished":"2024-03-15T13:05:25+00:00","dateModified":"2024-03-18T09:50:54+00:00","description":"Erfahren Sie mehr \u00fcber die Website Larne-cairnryan.com und erfahren Sie hier, was Sie \u00fcber diesen F\u00e4hrf\u00fchrer erfahren k\u00f6nnen.","breadcrumb":{"@id":"https:\/\/www.larne-cairnryan.com\/de\/uber\/#breadcrumb"},"inLanguage":"en-US","potentialAction":[{"@type":"ReadAction","target":["https:\/\/www.larne-cairnryan.com\/de\/uber\/"]}]},{"@type":"BreadcrumbList","@id":"https:\/\/www.larne-cairnryan.com\/de\/uber\/#breadcrumb","itemListElement":[{"@type":"ListItem","position":1,"name":"Startseite","item":"https:\/\/www.larne-cairnryan.com\/de\/"},{"@type":"ListItem","position":2,"name":"\u00dcber"}]},{"@type":"WebSite","@id":"https:\/\/www.larne-cairnryan.com\/de\/#website","url":"https:\/\/www.larne-cairnryan.com\/de\/","name":"F\u00e4hre Larne Cairnryan","description":"","publisher":{"@id":"https:\/\/www.larne-cairnryan.com\/de\/#organization"},"potentialAction":[{"@type":"SearchAction","target":{"@type":"EntryPoint","urlTemplate":"https:\/\/www.larne-cairnryan.com\/de\/?s={search_term_string}"},"query-input":{"@type":"PropertyValueSpecification","valueRequired":true,"valueName":"search_term_string"}}],"inLanguage":"en-US"},{"@type":"Organization","@id":"https:\/\/www.larne-cairnryan.com\/de\/#organization","name":"F\u00e4hre Larne Cairnryan","url":"https:\/\/www.larne-cairnryan.com\/de\/","logo":{"@type":"ImageObject","inLanguage":"en-US","@id":"https:\/\/www.larne-cairnryan.com\/de\/#\/schema\/logo\/image\/","url":"https:\/\/www.larne-cairnryan.com\/de\/wp-content\/uploads\/sites\/2\/2024\/03\/larne-cairnryan-fahre.png","contentUrl":"https:\/\/www.larne-cairnryan.com\/de\/wp-content\/uploads\/sites\/2\/2024\/03\/larne-cairnryan-fahre.png","width":360,"height":60,"caption":"F\u00e4hre Larne Cairnryan"},"image":{"@id":"https:\/\/www.larne-cairnryan.com\/de\/#\/schema\/logo\/image\/"}}]}},"_links":{"self":[{"href":"https:\/\/www.larne-cairnryan.com\/de\/wp-json\/wp\/v2\/pages\/81","targetHints":{"allow":["GET"]}}],"collection":[{"href":"https:\/\/www.larne-cairnryan.com\/de\/wp-json\/wp\/v2\/pages"}],"about":[{"href":"https:\/\/www.larne-cairnryan.com\/de\/wp-json\/wp\/v2\/types\/page"}],"author":[{"embeddable":true,"href":"https:\/\/www.larne-cairnryan.com\/de\/wp-json\/wp\/v2\/users\/1"}],"replies":[{"embeddable":true,"href":"https:\/\/www.larne-cairnryan.com\/de\/wp-json\/wp\/v2\/comments?post=81"}],"version-history":[{"count":1,"href":"https:\/\/www.larne-cairnryan.com\/de\/wp-json\/wp\/v2\/pages\/81\/revisions"}],"predecessor-version":[{"id":159,"href":"https:\/\/www.larne-cairnryan.com\/de\/wp-json\/wp\/v2\/pages\/81\/revisions\/159"}],"wp:attachment":[{"href":"https:\/\/www.larne-cairnryan.com\/de\/wp-json\/wp\/v2\/media?parent=81"}],"curies":[{"name":"wp","href":"https:\/\/api.w.org\/{rel}","templated":true}]}}