{"id":80,"date":"2024-03-15T13:05:25","date_gmt":"2024-03-15T13:05:25","guid":{"rendered":"http:\/\/refer"},"modified":"2024-03-18T08:58:29","modified_gmt":"2024-03-18T08:58:29","slug":"datenschutzerklarung","status":"publish","type":"page","link":"https:\/\/www.larne-cairnryan.com\/de\/datenschutzerklarung\/","title":{"rendered":"Datenschutzerkl\u00e4rung"},"content":{"rendered":"\n<h2 class=\"wp-block-heading\">Wer sind wir<\/h2>\n\n\n\n<p>Unsere Website-Adresse lautet: https:\/\/larne-cairnryan.com\/<\/p>\n\n\n\n<h2 class=\"wp-block-heading\">Kommentare<\/h2>\n\n\n\n<p>Wenn Besucher auf der Website Kommentare hinterlassen, erfassen wir die im Kommentarformular angezeigten Daten, die IP-Adresse des Besuchers und den User-Agent des Browsers, um die Erkennung von Spam zu unterst\u00fctzen.<\/p>\n\n\n\n<p>Eine aus Ihrer E-Mail-Adresse erstellte anonymisierte Zeichenfolge (auch Hash genannt) kann an den Gravatar-Dienst gesendet werden, wenn Sie diesen nutzen. Die Datenschutzerkl\u00e4rung des Gravatar-Dienstes finden Sie hier: https:\/\/automattic.com\/privacy\/. Nachdem Ihr Kommentar genehmigt wurde, wird Ihr Profilbild im Kontext Ihres Kommentars \u00f6ffentlich sichtbar sein.<\/p>\n\n\n\n<h2 class=\"wp-block-heading\">Medien<\/h2>\n\n\n\n<p>Wenn Sie ein registrierter Benutzer sind und Bilder auf die Website hochladen, sollten Sie das Hochladen von Bildern mit EXIF-GPS-Standortdaten vermeiden. Besucher der Website k\u00f6nnen die Bilder von der Website herunterladen und die Standortdaten anzeigen.<\/p>\n\n\n\n<h2 class=\"wp-block-heading\">Cookie<\/h2>\n\n\n\n<p>Wenn Sie einen Kommentar auf unserer Website hinterlassen, k\u00f6nnen Sie angeben, ob Ihr Name, Ihre E-Mail-Adresse und Ihre Website in einem Cookie gespeichert werden d\u00fcrfen. Wir tun dies f\u00fcr Sie, damit Sie diese Informationen f\u00fcr eine neue Antwort nicht erneut eingeben m\u00fcssen. Diese Cookies sind ein Jahr lang g\u00fcltig.<\/p>\n\n\n\n<p>Wenn Sie unsere Anmeldeseite besuchen, speichern wir ein tempor\u00e4res Cookie, um zu pr\u00fcfen, ob Ihr Browser Cookies akzeptiert. Dieses Cookie enth\u00e4lt keine personenbezogenen Daten und wird gel\u00f6scht, sobald Sie Ihren Browser schlie\u00dfen.<\/p>\n\n\n\n<p>Sobald Sie sich anmelden, speichern wir einige Cookies im Zusammenhang mit Ihren Anmeldeinformationen und Bildschirmanzeigeoptionen. Login-Cookies sind 2 Tage g\u00fcltig und Cookies f\u00fcr Bildschirmanzeigeoptionen sind 1 Jahr g\u00fcltig. Wenn Sie \u201eAngemeldet bleiben\u201c ausw\u00e4hlen, wird Ihr Login 2 Wochen lang gespeichert. Sobald Sie sich von Ihrem Konto abmelden, werden Anmeldecookies entfernt.<\/p>\n\n\n\n<p>Wenn Sie eine Nachricht bearbeiten oder ver\u00f6ffentlichen, wird ein zus\u00e4tzlicher Cookie von Ihrem Browser gespeichert. Dieses Cookie enth\u00e4lt keine personenbezogenen Daten und enth\u00e4lt lediglich die Beitrags-ID des von Ihnen bearbeiteten Artikels. Dieses Cookie l\u00e4uft nach einem Tag ab.<\/p>\n\n\n\n<h2 class=\"wp-block-heading\">Eingebettete Inhalte von anderen Websites<\/h2>\n\n\n\n<p>Beitr\u00e4ge auf dieser Website k\u00f6nnen eingebettete Inhalte enthalten (z. B. Videos, Bilder, Beitr\u00e4ge usw.). Eingebettete Inhalte von anderen Websites verhalten sich genauso, als ob der Besucher diese andere Website besucht h\u00e4tte.<\/p>\n\n\n\n<p>Diese Websites k\u00f6nnen Daten \u00fcber Sie sammeln, Cookies verwenden, zus\u00e4tzliches Tracking von Drittanbietern einbetten und Ihre Interaktion mit diesem eingebetteten Inhalt \u00fcberwachen, einschlie\u00dflich der Aufzeichnung Ihrer Interaktion mit dem eingebetteten Inhalt, wenn Sie \u00fcber ein Konto verf\u00fcgen und auf dieser Website angemeldet sind.<\/p>\n","protected":false},"excerpt":{"rendered":"<p>Wer sind wir Unsere Website-Adresse lautet: https:\/\/larne-cairnryan.com\/ Kommentare Wenn Besucher auf der Website Kommentare hinterlassen, erfassen wir die im Kommentarformular [&hellip;]<\/p>\n","protected":false},"author":1,"featured_media":0,"parent":0,"menu_order":0,"comment_status":"closed","ping_status":"open","template":"","meta":{"inline_featured_image":false,"site-sidebar-layout":"default","site-content-layout":"","ast-site-content-layout":"default","site-content-style":"default","site-sidebar-style":"default","ast-global-header-display":"","ast-banner-title-visibility":"","ast-main-header-display":"","ast-hfb-above-header-display":"","ast-hfb-below-header-display":"","ast-hfb-mobile-header-display":"","site-post-title":"","ast-breadcrumbs-content":"","ast-featured-img":"","footer-sml-layout":"","ast-disable-related-posts":"","theme-transparent-header-meta":"","adv-header-id-meta":"","stick-header-meta":"","header-above-stick-meta":"","header-main-stick-meta":"","header-below-stick-meta":"","astra-migrate-meta-layouts":"default","ast-page-background-enabled":"default","ast-page-background-meta":{"desktop":{"background-color":"var(--ast-global-color-4)","background-image":"","background-repeat":"repeat","background-position":"center center","background-size":"auto","background-attachment":"scroll","background-type":"","background-media":"","overlay-type":"","overlay-color":"","overlay-opacity":"","overlay-gradient":""},"tablet":{"background-color":"","background-image":"","background-repeat":"repeat","background-position":"center center","background-size":"auto","background-attachment":"scroll","background-type":"","background-media":"","overlay-type":"","overlay-color":"","overlay-opacity":"","overlay-gradient":""},"mobile":{"background-color":"","background-image":"","background-repeat":"repeat","background-position":"center center","background-size":"auto","background-attachment":"scroll","background-type":"","background-media":"","overlay-type":"","overlay-color":"","overlay-opacity":"","overlay-gradient":""}},"ast-content-background-meta":{"desktop":{"background-color":"var(--ast-global-color-5)","background-image":"","background-repeat":"repeat","background-position":"center center","background-size":"auto","background-attachment":"scroll","background-type":"","background-media":"","overlay-type":"","overlay-color":"","overlay-opacity":"","overlay-gradient":""},"tablet":{"background-color":"var(--ast-global-color-5)","background-image":"","background-repeat":"repeat","background-position":"center center","background-size":"auto","background-attachment":"scroll","background-type":"","background-media":"","overlay-type":"","overlay-color":"","overlay-opacity":"","overlay-gradient":""},"mobile":{"background-color":"var(--ast-global-color-5)","background-image":"","background-repeat":"repeat","background-position":"center center","background-size":"auto","background-attachment":"scroll","background-type":"","background-media":"","overlay-type":"","overlay-color":"","overlay-opacity":"","overlay-gradient":""}},"footnotes":""},"class_list":["post-80","page","type-page","status-publish","hentry"],"yoast_head":"<!-- This site is optimized with the Yoast SEO plugin v27.2 - https:\/\/yoast.com\/product\/yoast-seo-wordpress\/ -->\n<title>Datenschutzerkl\u00e4rung Statement - F\u00e4hre Larne Cairnryan<\/title>\n<meta name=\"description\" content=\"Erfahren Sie, welche Daten erhoben werden d\u00fcrfen und wie wir damit umgehen.\" \/>\n<meta name=\"robots\" content=\"index, follow, max-snippet:-1, max-image-preview:large, max-video-preview:-1\" \/>\n<link rel=\"canonical\" href=\"https:\/\/www.larne-cairnryan.com\/de\/datenschutzerklarung\/\" \/>\n<meta property=\"og:locale\" content=\"en_US\" \/>\n<meta property=\"og:type\" content=\"article\" \/>\n<meta property=\"og:title\" content=\"Datenschutzerkl\u00e4rung Statement - F\u00e4hre Larne Cairnryan\" \/>\n<meta property=\"og:description\" content=\"Erfahren Sie, welche Daten erhoben werden d\u00fcrfen und wie wir damit umgehen.\" \/>\n<meta property=\"og:url\" content=\"https:\/\/www.larne-cairnryan.com\/de\/datenschutzerklarung\/\" \/>\n<meta property=\"og:site_name\" content=\"F\u00e4hre Larne Cairnryan\" \/>\n<meta property=\"article:modified_time\" content=\"2024-03-18T08:58:29+00:00\" \/>\n<meta name=\"twitter:card\" content=\"summary_large_image\" \/>\n<meta name=\"twitter:label1\" content=\"Est. reading time\" \/>\n\t<meta name=\"twitter:data1\" content=\"2 minutes\" \/>\n<script type=\"application\/ld+json\" class=\"yoast-schema-graph\">{\"@context\":\"https:\/\/schema.org\",\"@graph\":[{\"@type\":\"WebPage\",\"@id\":\"https:\/\/www.larne-cairnryan.com\/de\/datenschutzerklarung\/\",\"url\":\"https:\/\/www.larne-cairnryan.com\/de\/datenschutzerklarung\/\",\"name\":\"Datenschutzerkl\u00e4rung Statement - F\u00e4hre Larne Cairnryan\",\"isPartOf\":{\"@id\":\"https:\/\/www.larne-cairnryan.com\/de\/#website\"},\"datePublished\":\"2024-03-15T13:05:25+00:00\",\"dateModified\":\"2024-03-18T08:58:29+00:00\",\"description\":\"Erfahren Sie, welche Daten erhoben werden d\u00fcrfen und wie wir damit umgehen.\",\"breadcrumb\":{\"@id\":\"https:\/\/www.larne-cairnryan.com\/de\/datenschutzerklarung\/#breadcrumb\"},\"inLanguage\":\"en-US\",\"potentialAction\":[{\"@type\":\"ReadAction\",\"target\":[\"https:\/\/www.larne-cairnryan.com\/de\/datenschutzerklarung\/\"]}]},{\"@type\":\"BreadcrumbList\",\"@id\":\"https:\/\/www.larne-cairnryan.com\/de\/datenschutzerklarung\/#breadcrumb\",\"itemListElement\":[{\"@type\":\"ListItem\",\"position\":1,\"name\":\"Startseite\",\"item\":\"https:\/\/www.larne-cairnryan.com\/de\/\"},{\"@type\":\"ListItem\",\"position\":2,\"name\":\"Datenschutzerkl\u00e4rung\"}]},{\"@type\":\"WebSite\",\"@id\":\"https:\/\/www.larne-cairnryan.com\/de\/#website\",\"url\":\"https:\/\/www.larne-cairnryan.com\/de\/\",\"name\":\"F\u00e4hre Larne Cairnryan\",\"description\":\"\",\"publisher\":{\"@id\":\"https:\/\/www.larne-cairnryan.com\/de\/#organization\"},\"potentialAction\":[{\"@type\":\"SearchAction\",\"target\":{\"@type\":\"EntryPoint\",\"urlTemplate\":\"https:\/\/www.larne-cairnryan.com\/de\/?s={search_term_string}\"},\"query-input\":{\"@type\":\"PropertyValueSpecification\",\"valueRequired\":true,\"valueName\":\"search_term_string\"}}],\"inLanguage\":\"en-US\"},{\"@type\":\"Organization\",\"@id\":\"https:\/\/www.larne-cairnryan.com\/de\/#organization\",\"name\":\"F\u00e4hre Larne Cairnryan\",\"url\":\"https:\/\/www.larne-cairnryan.com\/de\/\",\"logo\":{\"@type\":\"ImageObject\",\"inLanguage\":\"en-US\",\"@id\":\"https:\/\/www.larne-cairnryan.com\/de\/#\/schema\/logo\/image\/\",\"url\":\"https:\/\/www.larne-cairnryan.com\/de\/wp-content\/uploads\/sites\/2\/2024\/03\/larne-cairnryan-fahre.png\",\"contentUrl\":\"https:\/\/www.larne-cairnryan.com\/de\/wp-content\/uploads\/sites\/2\/2024\/03\/larne-cairnryan-fahre.png\",\"width\":360,\"height\":60,\"caption\":\"F\u00e4hre Larne Cairnryan\"},\"image\":{\"@id\":\"https:\/\/www.larne-cairnryan.com\/de\/#\/schema\/logo\/image\/\"}}]}<\/script>\n<!-- \/ Yoast SEO plugin. -->","yoast_head_json":{"title":"Datenschutzerkl\u00e4rung Statement - F\u00e4hre Larne Cairnryan","description":"Erfahren Sie, welche Daten erhoben werden d\u00fcrfen und wie wir damit umgehen.","robots":{"index":"index","follow":"follow","max-snippet":"max-snippet:-1","max-image-preview":"max-image-preview:large","max-video-preview":"max-video-preview:-1"},"canonical":"https:\/\/www.larne-cairnryan.com\/de\/datenschutzerklarung\/","og_locale":"en_US","og_type":"article","og_title":"Datenschutzerkl\u00e4rung Statement - F\u00e4hre Larne Cairnryan","og_description":"Erfahren Sie, welche Daten erhoben werden d\u00fcrfen und wie wir damit umgehen.","og_url":"https:\/\/www.larne-cairnryan.com\/de\/datenschutzerklarung\/","og_site_name":"F\u00e4hre Larne Cairnryan","article_modified_time":"2024-03-18T08:58:29+00:00","twitter_card":"summary_large_image","twitter_misc":{"Est. reading time":"2 minutes"},"schema":{"@context":"https:\/\/schema.org","@graph":[{"@type":"WebPage","@id":"https:\/\/www.larne-cairnryan.com\/de\/datenschutzerklarung\/","url":"https:\/\/www.larne-cairnryan.com\/de\/datenschutzerklarung\/","name":"Datenschutzerkl\u00e4rung Statement - F\u00e4hre Larne Cairnryan","isPartOf":{"@id":"https:\/\/www.larne-cairnryan.com\/de\/#website"},"datePublished":"2024-03-15T13:05:25+00:00","dateModified":"2024-03-18T08:58:29+00:00","description":"Erfahren Sie, welche Daten erhoben werden d\u00fcrfen und wie wir damit umgehen.","breadcrumb":{"@id":"https:\/\/www.larne-cairnryan.com\/de\/datenschutzerklarung\/#breadcrumb"},"inLanguage":"en-US","potentialAction":[{"@type":"ReadAction","target":["https:\/\/www.larne-cairnryan.com\/de\/datenschutzerklarung\/"]}]},{"@type":"BreadcrumbList","@id":"https:\/\/www.larne-cairnryan.com\/de\/datenschutzerklarung\/#breadcrumb","itemListElement":[{"@type":"ListItem","position":1,"name":"Startseite","item":"https:\/\/www.larne-cairnryan.com\/de\/"},{"@type":"ListItem","position":2,"name":"Datenschutzerkl\u00e4rung"}]},{"@type":"WebSite","@id":"https:\/\/www.larne-cairnryan.com\/de\/#website","url":"https:\/\/www.larne-cairnryan.com\/de\/","name":"F\u00e4hre Larne Cairnryan","description":"","publisher":{"@id":"https:\/\/www.larne-cairnryan.com\/de\/#organization"},"potentialAction":[{"@type":"SearchAction","target":{"@type":"EntryPoint","urlTemplate":"https:\/\/www.larne-cairnryan.com\/de\/?s={search_term_string}"},"query-input":{"@type":"PropertyValueSpecification","valueRequired":true,"valueName":"search_term_string"}}],"inLanguage":"en-US"},{"@type":"Organization","@id":"https:\/\/www.larne-cairnryan.com\/de\/#organization","name":"F\u00e4hre Larne Cairnryan","url":"https:\/\/www.larne-cairnryan.com\/de\/","logo":{"@type":"ImageObject","inLanguage":"en-US","@id":"https:\/\/www.larne-cairnryan.com\/de\/#\/schema\/logo\/image\/","url":"https:\/\/www.larne-cairnryan.com\/de\/wp-content\/uploads\/sites\/2\/2024\/03\/larne-cairnryan-fahre.png","contentUrl":"https:\/\/www.larne-cairnryan.com\/de\/wp-content\/uploads\/sites\/2\/2024\/03\/larne-cairnryan-fahre.png","width":360,"height":60,"caption":"F\u00e4hre Larne Cairnryan"},"image":{"@id":"https:\/\/www.larne-cairnryan.com\/de\/#\/schema\/logo\/image\/"}}]}},"_links":{"self":[{"href":"https:\/\/www.larne-cairnryan.com\/de\/wp-json\/wp\/v2\/pages\/80","targetHints":{"allow":["GET"]}}],"collection":[{"href":"https:\/\/www.larne-cairnryan.com\/de\/wp-json\/wp\/v2\/pages"}],"about":[{"href":"https:\/\/www.larne-cairnryan.com\/de\/wp-json\/wp\/v2\/types\/page"}],"author":[{"embeddable":true,"href":"https:\/\/www.larne-cairnryan.com\/de\/wp-json\/wp\/v2\/users\/1"}],"replies":[{"embeddable":true,"href":"https:\/\/www.larne-cairnryan.com\/de\/wp-json\/wp\/v2\/comments?post=80"}],"version-history":[{"count":1,"href":"https:\/\/www.larne-cairnryan.com\/de\/wp-json\/wp\/v2\/pages\/80\/revisions"}],"predecessor-version":[{"id":157,"href":"https:\/\/www.larne-cairnryan.com\/de\/wp-json\/wp\/v2\/pages\/80\/revisions\/157"}],"wp:attachment":[{"href":"https:\/\/www.larne-cairnryan.com\/de\/wp-json\/wp\/v2\/media?parent=80"}],"curies":[{"name":"wp","href":"https:\/\/api.w.org\/{rel}","templated":true}]}}