{"id":59,"date":"2024-03-15T13:05:19","date_gmt":"2024-03-15T13:05:19","guid":{"rendered":"https:\/\/larne-cairnryan.com\/de\/videos\/"},"modified":"2024-03-18T09:48:08","modified_gmt":"2024-03-18T09:48:08","slug":"videos","status":"publish","type":"page","link":"https:\/\/www.larne-cairnryan.com\/de\/videos\/","title":{"rendered":"F\u00e4hrenvideos"},"content":{"rendered":"\t\t<div data-elementor-type=\"wp-page\" data-elementor-id=\"59\" class=\"elementor elementor-59\" data-elementor-post-type=\"page\">\n\t\t\t\t\t\t<section class=\"elementor-section elementor-top-section elementor-element elementor-element-72e3653f elementor-section-boxed elementor-section-height-default elementor-section-height-default\" data-id=\"72e3653f\" data-element_type=\"section\" data-e-type=\"section\">\n\t\t\t\t\t\t<div class=\"elementor-container elementor-column-gap-default\">\n\t\t\t\t\t<div class=\"elementor-column elementor-col-100 elementor-top-column elementor-element elementor-element-26627004\" data-id=\"26627004\" data-element_type=\"column\" data-e-type=\"column\">\n\t\t\t<div class=\"elementor-widget-wrap elementor-element-populated\">\n\t\t\t\t\t\t<section class=\"elementor-section elementor-inner-section elementor-element elementor-element-67b48308 elementor-section-boxed elementor-section-height-default elementor-section-height-default\" data-id=\"67b48308\" data-element_type=\"section\" data-e-type=\"section\">\n\t\t\t\t\t\t<div class=\"elementor-container elementor-column-gap-default\">\n\t\t\t\t\t<div class=\"elementor-column elementor-col-100 elementor-inner-column elementor-element elementor-element-1de18ba\" data-id=\"1de18ba\" data-element_type=\"column\" data-e-type=\"column\">\n\t\t\t<div class=\"elementor-widget-wrap elementor-element-populated\">\n\t\t\t\t\t\t<div class=\"elementor-element elementor-element-605f64bf elementor-widget elementor-widget-heading\" data-id=\"605f64bf\" data-element_type=\"widget\" data-e-type=\"widget\" data-widget_type=\"heading.default\">\n\t\t\t\t<div class=\"elementor-widget-container\">\n\t\t\t\t\t<h1 class=\"elementor-heading-title elementor-size-default\">F\u00e4hrenvideos von Larne nach Cairnryan<\/h1>\t\t\t\t<\/div>\n\t\t\t\t<\/div>\n\t\t\t\t\t<\/div>\n\t\t<\/div>\n\t\t\t\t\t<\/div>\n\t\t<\/section>\n\t\t\t\t<section class=\"elementor-section elementor-inner-section elementor-element elementor-element-1f20af20 elementor-section-boxed elementor-section-height-default elementor-section-height-default\" data-id=\"1f20af20\" data-element_type=\"section\" data-e-type=\"section\">\n\t\t\t\t\t\t<div class=\"elementor-container elementor-column-gap-default\">\n\t\t\t\t\t<div class=\"elementor-column elementor-col-100 elementor-inner-column elementor-element elementor-element-4f6e794c\" data-id=\"4f6e794c\" data-element_type=\"column\" data-e-type=\"column\">\n\t\t\t<div class=\"elementor-widget-wrap elementor-element-populated\">\n\t\t\t\t\t\t<div class=\"elementor-element elementor-element-1479f6f4 elementor-widget elementor-widget-text-editor\" data-id=\"1479f6f4\" data-element_type=\"widget\" data-e-type=\"widget\" data-widget_type=\"text-editor.default\">\n\t\t\t\t<div class=\"elementor-widget-container\">\n\t\t\t\t\t\t\t\t\t<p>Einen guten Eindruck von der F\u00e4hr\u00fcberfahrt bekommen? Sehen Sie sich Videos der Reise von Larne nach Cairnryan von Reisenden an, die vor Ihnen unterwegs waren.<\/p>\t\t\t\t\t\t\t\t<\/div>\n\t\t\t\t<\/div>\n\t\t\t\t\t<\/div>\n\t\t<\/div>\n\t\t\t\t\t<\/div>\n\t\t<\/section>\n\t\t\t\t<section class=\"elementor-section elementor-inner-section elementor-element elementor-element-58f1c003 elementor-section-boxed elementor-section-height-default elementor-section-height-default\" data-id=\"58f1c003\" data-element_type=\"section\" data-e-type=\"section\">\n\t\t\t\t\t\t<div class=\"elementor-container elementor-column-gap-default\">\n\t\t\t\t\t<div class=\"elementor-column elementor-col-50 elementor-inner-column elementor-element elementor-element-438ad8d4\" data-id=\"438ad8d4\" data-element_type=\"column\" data-e-type=\"column\">\n\t\t\t<div class=\"elementor-widget-wrap elementor-element-populated\">\n\t\t\t\t\t\t<div class=\"elementor-element elementor-element-353fa44 elementor-widget elementor-widget-heading\" data-id=\"353fa44\" data-element_type=\"widget\" data-e-type=\"widget\" data-widget_type=\"heading.default\">\n\t\t\t\t<div class=\"elementor-widget-container\">\n\t\t\t\t\t<h2 class=\"elementor-heading-title elementor-size-default\">Von Cairnryan nach Larne auf dem P&amp;O European Causeway<\/h2>\t\t\t\t<\/div>\n\t\t\t\t<\/div>\n\t\t\t\t<div class=\"elementor-element elementor-element-4e34fdbd elementor-widget elementor-widget-text-editor\" data-id=\"4e34fdbd\" data-element_type=\"widget\" data-e-type=\"widget\" data-widget_type=\"text-editor.default\">\n\t\t\t\t<div class=\"elementor-widget-container\">\n\t\t\t\t\t\t\t\t\t<p>Sehen Sie mit den Augen von Craig Bryan, der mit P&amp;O gereist ist.<\/p>\t\t\t\t\t\t\t\t<\/div>\n\t\t\t\t<\/div>\n\t\t\t\t<div class=\"elementor-element elementor-element-2fd68c16 elementor-widget elementor-widget-video\" data-id=\"2fd68c16\" data-element_type=\"widget\" data-e-type=\"widget\" data-settings=\"{&quot;youtube_url&quot;:&quot;https:\\\/\\\/www.youtube.com\\\/watch?v=gCKtD0c2Zxo&quot;,&quot;video_type&quot;:&quot;youtube&quot;,&quot;controls&quot;:&quot;yes&quot;}\" data-widget_type=\"video.default\">\n\t\t\t\t<div class=\"elementor-widget-container\">\n\t\t\t\t\t\t\t<div class=\"elementor-wrapper elementor-open-inline\">\n\t\t\t<div class=\"elementor-video\"><\/div>\t\t<\/div>\n\t\t\t\t\t\t<\/div>\n\t\t\t\t<\/div>\n\t\t\t\t\t<\/div>\n\t\t<\/div>\n\t\t\t\t<div class=\"elementor-column elementor-col-50 elementor-inner-column elementor-element elementor-element-35223b0c\" data-id=\"35223b0c\" data-element_type=\"column\" data-e-type=\"column\">\n\t\t\t<div class=\"elementor-widget-wrap elementor-element-populated\">\n\t\t\t\t\t\t<div class=\"elementor-element elementor-element-69c85e9c elementor-widget elementor-widget-heading\" data-id=\"69c85e9c\" data-element_type=\"widget\" data-e-type=\"widget\" data-widget_type=\"heading.default\">\n\t\t\t\t<div class=\"elementor-widget-container\">\n\t\t\t\t\t<h2 class=\"elementor-heading-title elementor-size-default\">Cairnryan nach Nordengland: P&amp;O vs. Stena-Linie<\/h2>\t\t\t\t<\/div>\n\t\t\t\t<\/div>\n\t\t\t\t<div class=\"elementor-element elementor-element-5f233f24 elementor-widget elementor-widget-text-editor\" data-id=\"5f233f24\" data-element_type=\"widget\" data-e-type=\"widget\" data-widget_type=\"text-editor.default\">\n\t\t\t\t<div class=\"elementor-widget-container\">\n\t\t\t\t\t\t\t\t\t<p>Steve Marsh hat zwei F\u00e4hrunternehmen verglichen: Stena vs. P&amp;O.<\/p>\t\t\t\t\t\t\t\t<\/div>\n\t\t\t\t<\/div>\n\t\t\t\t<div class=\"elementor-element elementor-element-58e34d78 elementor-widget elementor-widget-video\" data-id=\"58e34d78\" data-element_type=\"widget\" data-e-type=\"widget\" data-settings=\"{&quot;youtube_url&quot;:&quot;https:\\\/\\\/www.youtube.com\\\/watch?v=P75gdYEF6XY&quot;,&quot;video_type&quot;:&quot;youtube&quot;,&quot;controls&quot;:&quot;yes&quot;}\" data-widget_type=\"video.default\">\n\t\t\t\t<div class=\"elementor-widget-container\">\n\t\t\t\t\t\t\t<div class=\"elementor-wrapper elementor-open-inline\">\n\t\t\t<div class=\"elementor-video\"><\/div>\t\t<\/div>\n\t\t\t\t\t\t<\/div>\n\t\t\t\t<\/div>\n\t\t\t\t\t<\/div>\n\t\t<\/div>\n\t\t\t\t\t<\/div>\n\t\t<\/section>\n\t\t\t\t<section class=\"elementor-section elementor-inner-section elementor-element elementor-element-1a877b28 elementor-section-boxed elementor-section-height-default elementor-section-height-default\" data-id=\"1a877b28\" data-element_type=\"section\" data-e-type=\"section\">\n\t\t\t\t\t\t<div class=\"elementor-container elementor-column-gap-default\">\n\t\t\t\t\t<div class=\"elementor-column elementor-col-50 elementor-inner-column elementor-element elementor-element-56b8cca3\" data-id=\"56b8cca3\" data-element_type=\"column\" data-e-type=\"column\">\n\t\t\t<div class=\"elementor-widget-wrap elementor-element-populated\">\n\t\t\t\t\t\t<div class=\"elementor-element elementor-element-14b90128 elementor-widget elementor-widget-heading\" data-id=\"14b90128\" data-element_type=\"widget\" data-e-type=\"widget\" data-widget_type=\"heading.default\">\n\t\t\t\t<div class=\"elementor-widget-container\">\n\t\t\t\t\t<h2 class=\"elementor-heading-title elementor-size-default\">Dashcam-Aufnahmen von Larne nach Cairnryan<\/h2>\t\t\t\t<\/div>\n\t\t\t\t<\/div>\n\t\t\t\t<div class=\"elementor-element elementor-element-7bdf2680 elementor-widget elementor-widget-text-editor\" data-id=\"7bdf2680\" data-element_type=\"widget\" data-e-type=\"widget\" data-widget_type=\"text-editor.default\">\n\t\t\t\t<div class=\"elementor-widget-container\">\n\t\t\t\t\t\t\t\t\t<p>Entdecken Sie, wie es ist, mit dem Auto von Larne nach Cairnryan zu reisen.<\/p>\t\t\t\t\t\t\t\t<\/div>\n\t\t\t\t<\/div>\n\t\t\t\t<div class=\"elementor-element elementor-element-3acb2beb elementor-widget elementor-widget-video\" data-id=\"3acb2beb\" data-element_type=\"widget\" data-e-type=\"widget\" data-settings=\"{&quot;youtube_url&quot;:&quot;https:\\\/\\\/www.youtube.com\\\/watch?v=jQgDW8NYUFY&quot;,&quot;video_type&quot;:&quot;youtube&quot;,&quot;controls&quot;:&quot;yes&quot;}\" data-widget_type=\"video.default\">\n\t\t\t\t<div class=\"elementor-widget-container\">\n\t\t\t\t\t\t\t<div class=\"elementor-wrapper elementor-open-inline\">\n\t\t\t<div class=\"elementor-video\"><\/div>\t\t<\/div>\n\t\t\t\t\t\t<\/div>\n\t\t\t\t<\/div>\n\t\t\t\t\t<\/div>\n\t\t<\/div>\n\t\t\t\t<div class=\"elementor-column elementor-col-50 elementor-inner-column elementor-element elementor-element-3ad70dfe\" data-id=\"3ad70dfe\" data-element_type=\"column\" data-e-type=\"column\">\n\t\t\t<div class=\"elementor-widget-wrap elementor-element-populated\">\n\t\t\t\t\t\t<div class=\"elementor-element elementor-element-437bfe30 elementor-widget elementor-widget-heading\" data-id=\"437bfe30\" data-element_type=\"widget\" data-e-type=\"widget\" data-widget_type=\"heading.default\">\n\t\t\t\t<div class=\"elementor-widget-container\">\n\t\t\t\t\t<h2 class=\"elementor-heading-title elementor-size-default\">Gate-to-Gate-Video von P&amp;O Ferries<\/h2>\t\t\t\t<\/div>\n\t\t\t\t<\/div>\n\t\t\t\t<div class=\"elementor-element elementor-element-27b7e3a5 elementor-widget elementor-widget-text-editor\" data-id=\"27b7e3a5\" data-element_type=\"widget\" data-e-type=\"widget\" data-widget_type=\"text-editor.default\">\n\t\t\t\t<div class=\"elementor-widget-container\">\n\t\t\t\t\t\t\t\t\t<p>Die komplette Reise von Hafen zu Hafen mit P&amp;O Ferries.<\/p>\t\t\t\t\t\t\t\t<\/div>\n\t\t\t\t<\/div>\n\t\t\t\t<div class=\"elementor-element elementor-element-30a59d0e elementor-widget elementor-widget-video\" data-id=\"30a59d0e\" data-element_type=\"widget\" data-e-type=\"widget\" data-settings=\"{&quot;youtube_url&quot;:&quot;https:\\\/\\\/www.youtube.com\\\/watch?v=LeHKXmbMJ9c&quot;,&quot;video_type&quot;:&quot;youtube&quot;,&quot;controls&quot;:&quot;yes&quot;}\" data-widget_type=\"video.default\">\n\t\t\t\t<div class=\"elementor-widget-container\">\n\t\t\t\t\t\t\t<div class=\"elementor-wrapper elementor-open-inline\">\n\t\t\t<div class=\"elementor-video\"><\/div>\t\t<\/div>\n\t\t\t\t\t\t<\/div>\n\t\t\t\t<\/div>\n\t\t\t\t\t<\/div>\n\t\t<\/div>\n\t\t\t\t\t<\/div>\n\t\t<\/section>\n\t\t\t\t<section class=\"elementor-section elementor-inner-section elementor-element elementor-element-55d58e99 elementor-section-boxed elementor-section-height-default elementor-section-height-default\" data-id=\"55d58e99\" data-element_type=\"section\" data-e-type=\"section\">\n\t\t\t\t\t\t<div class=\"elementor-container elementor-column-gap-default\">\n\t\t\t\t\t<div class=\"elementor-column elementor-col-50 elementor-inner-column elementor-element elementor-element-9db3af7\" data-id=\"9db3af7\" data-element_type=\"column\" data-e-type=\"column\">\n\t\t\t<div class=\"elementor-widget-wrap elementor-element-populated\">\n\t\t\t\t\t\t<div class=\"elementor-element elementor-element-4ae06706 elementor-widget elementor-widget-heading\" data-id=\"4ae06706\" data-element_type=\"widget\" data-e-type=\"widget\" data-widget_type=\"heading.default\">\n\t\t\t\t<div class=\"elementor-widget-container\">\n\t\t\t\t\t<h2 class=\"elementor-heading-title elementor-size-default\">P&amp;O Ferries legt in Larne an<\/h2>\t\t\t\t<\/div>\n\t\t\t\t<\/div>\n\t\t\t\t<div class=\"elementor-element elementor-element-3c4a8e97 elementor-widget elementor-widget-text-editor\" data-id=\"3c4a8e97\" data-element_type=\"widget\" data-e-type=\"widget\" data-widget_type=\"text-editor.default\">\n\t\t\t\t<div class=\"elementor-widget-container\">\n\t\t\t\t\t\t\t\t\t<p>Ein wundersch\u00f6nes Video vom Anlegen der F\u00e4hre in Larne.<\/p>\t\t\t\t\t\t\t\t<\/div>\n\t\t\t\t<\/div>\n\t\t\t\t<div class=\"elementor-element elementor-element-104ff7b9 elementor-widget elementor-widget-video\" data-id=\"104ff7b9\" data-element_type=\"widget\" data-e-type=\"widget\" data-settings=\"{&quot;youtube_url&quot;:&quot;https:\\\/\\\/www.youtube.com\\\/watch?v=QQ4HDb6E_QI&quot;,&quot;video_type&quot;:&quot;youtube&quot;,&quot;controls&quot;:&quot;yes&quot;}\" data-widget_type=\"video.default\">\n\t\t\t\t<div class=\"elementor-widget-container\">\n\t\t\t\t\t\t\t<div class=\"elementor-wrapper elementor-open-inline\">\n\t\t\t<div class=\"elementor-video\"><\/div>\t\t<\/div>\n\t\t\t\t\t\t<\/div>\n\t\t\t\t<\/div>\n\t\t\t\t\t<\/div>\n\t\t<\/div>\n\t\t\t\t<div class=\"elementor-column elementor-col-50 elementor-inner-column elementor-element elementor-element-4533dac0\" data-id=\"4533dac0\" data-element_type=\"column\" data-e-type=\"column\">\n\t\t\t<div class=\"elementor-widget-wrap elementor-element-populated\">\n\t\t\t\t\t\t<div class=\"elementor-element elementor-element-781f74ad elementor-widget elementor-widget-heading\" data-id=\"781f74ad\" data-element_type=\"widget\" data-e-type=\"widget\" data-widget_type=\"heading.default\">\n\t\t\t\t<div class=\"elementor-widget-container\">\n\t\t\t\t\t<h2 class=\"elementor-heading-title elementor-size-default\">Einsteigen in die P&amp;O-F\u00e4hre in Cairnryan<\/h2>\t\t\t\t<\/div>\n\t\t\t\t<\/div>\n\t\t\t\t<div class=\"elementor-element elementor-element-e94cc64 elementor-widget elementor-widget-text-editor\" data-id=\"e94cc64\" data-element_type=\"widget\" data-e-type=\"widget\" data-widget_type=\"text-editor.default\">\n\t\t\t\t<div class=\"elementor-widget-container\">\n\t\t\t\t\t\t\t\t\t<p>Sehen Sie, wie das Einsteigen bei P&amp;O Ferries in Cairnryan erfolgt.<\/p>\t\t\t\t\t\t\t\t<\/div>\n\t\t\t\t<\/div>\n\t\t\t\t<div class=\"elementor-element elementor-element-75287140 elementor-widget elementor-widget-video\" data-id=\"75287140\" data-element_type=\"widget\" data-e-type=\"widget\" data-settings=\"{&quot;youtube_url&quot;:&quot;https:\\\/\\\/www.youtube.com\\\/watch?v=Tb108H9-sVA&quot;,&quot;video_type&quot;:&quot;youtube&quot;,&quot;controls&quot;:&quot;yes&quot;}\" data-widget_type=\"video.default\">\n\t\t\t\t<div class=\"elementor-widget-container\">\n\t\t\t\t\t\t\t<div class=\"elementor-wrapper elementor-open-inline\">\n\t\t\t<div class=\"elementor-video\"><\/div>\t\t<\/div>\n\t\t\t\t\t\t<\/div>\n\t\t\t\t<\/div>\n\t\t\t\t\t<\/div>\n\t\t<\/div>\n\t\t\t\t\t<\/div>\n\t\t<\/section>\n\t\t\t\t\t<\/div>\n\t\t<\/div>\n\t\t\t\t\t<\/div>\n\t\t<\/section>\n\t\t\t\t<\/div>\n\t\t","protected":false},"excerpt":{"rendered":"<p>F\u00e4hrenvideos von Larne nach Cairnryan Einen guten Eindruck von der F\u00e4hr\u00fcberfahrt bekommen? Sehen Sie sich Videos der Reise von Larne [&hellip;]<\/p>\n","protected":false},"author":1,"featured_media":0,"parent":0,"menu_order":0,"comment_status":"closed","ping_status":"closed","template":"","meta":{"inline_featured_image":false,"site-sidebar-layout":"no-sidebar","site-content-layout":"","ast-site-content-layout":"full-width-container","site-content-style":"default","site-sidebar-style":"default","ast-global-header-display":"","ast-banner-title-visibility":"","ast-main-header-display":"","ast-hfb-above-header-display":"","ast-hfb-below-header-display":"","ast-hfb-mobile-header-display":"","site-post-title":"disabled","ast-breadcrumbs-content":"","ast-featured-img":"disabled","footer-sml-layout":"","ast-disable-related-posts":"","theme-transparent-header-meta":"","adv-header-id-meta":"","stick-header-meta":"","header-above-stick-meta":"","header-main-stick-meta":"","header-below-stick-meta":"","astra-migrate-meta-layouts":"default","ast-page-background-enabled":"default","ast-page-background-meta":{"desktop":{"background-color":"var(--ast-global-color-4)","background-image":"","background-repeat":"repeat","background-position":"center center","background-size":"auto","background-attachment":"scroll","background-type":"","background-media":"","overlay-type":"","overlay-color":"","overlay-opacity":"","overlay-gradient":""},"tablet":{"background-color":"","background-image":"","background-repeat":"repeat","background-position":"center center","background-size":"auto","background-attachment":"scroll","background-type":"","background-media":"","overlay-type":"","overlay-color":"","overlay-opacity":"","overlay-gradient":""},"mobile":{"background-color":"","background-image":"","background-repeat":"repeat","background-position":"center center","background-size":"auto","background-attachment":"scroll","background-type":"","background-media":"","overlay-type":"","overlay-color":"","overlay-opacity":"","overlay-gradient":""}},"ast-content-background-meta":{"desktop":{"background-color":"var(--ast-global-color-5)","background-image":"","background-repeat":"repeat","background-position":"center center","background-size":"auto","background-attachment":"scroll","background-type":"","background-media":"","overlay-type":"","overlay-color":"","overlay-opacity":"","overlay-gradient":""},"tablet":{"background-color":"var(--ast-global-color-5)","background-image":"","background-repeat":"repeat","background-position":"center center","background-size":"auto","background-attachment":"scroll","background-type":"","background-media":"","overlay-type":"","overlay-color":"","overlay-opacity":"","overlay-gradient":""},"mobile":{"background-color":"var(--ast-global-color-5)","background-image":"","background-repeat":"repeat","background-position":"center center","background-size":"auto","background-attachment":"scroll","background-type":"","background-media":"","overlay-type":"","overlay-color":"","overlay-opacity":"","overlay-gradient":""}},"footnotes":""},"class_list":["post-59","page","type-page","status-publish","hentry"],"yoast_head":"<!-- This site is optimized with the Yoast SEO plugin v27.2 - https:\/\/yoast.com\/product\/yoast-seo-wordpress\/ -->\n<title>F\u00e4hrenvideos - F\u00e4hre Larne Cairnryan<\/title>\n<meta name=\"description\" content=\"Einen guten Eindruck von der F\u00e4hr\u00fcberfahrt bekommen? Sehen Sie sich Videos der Reise von Larne nach Cairnryan von Reisenden an, die vor Ihnen unterwegs waren.\" \/>\n<meta name=\"robots\" content=\"index, follow, max-snippet:-1, max-image-preview:large, max-video-preview:-1\" \/>\n<link rel=\"canonical\" href=\"https:\/\/www.larne-cairnryan.com\/de\/videos\/\" \/>\n<meta property=\"og:locale\" content=\"en_US\" \/>\n<meta property=\"og:type\" content=\"article\" \/>\n<meta property=\"og:title\" content=\"F\u00e4hrenvideos - F\u00e4hre Larne Cairnryan\" \/>\n<meta property=\"og:description\" content=\"Einen guten Eindruck von der F\u00e4hr\u00fcberfahrt bekommen? Sehen Sie sich Videos der Reise von Larne nach Cairnryan von Reisenden an, die vor Ihnen unterwegs waren.\" \/>\n<meta property=\"og:url\" content=\"https:\/\/www.larne-cairnryan.com\/de\/videos\/\" \/>\n<meta property=\"og:site_name\" content=\"F\u00e4hre Larne Cairnryan\" \/>\n<meta property=\"article:modified_time\" content=\"2024-03-18T09:48:08+00:00\" \/>\n<meta name=\"twitter:card\" content=\"summary_large_image\" \/>\n<meta name=\"twitter:label1\" content=\"Est. reading time\" \/>\n\t<meta name=\"twitter:data1\" content=\"1 minute\" \/>\n<script type=\"application\/ld+json\" class=\"yoast-schema-graph\">{\"@context\":\"https:\/\/schema.org\",\"@graph\":[{\"@type\":\"WebPage\",\"@id\":\"https:\/\/www.larne-cairnryan.com\/de\/videos\/\",\"url\":\"https:\/\/www.larne-cairnryan.com\/de\/videos\/\",\"name\":\"F\u00e4hrenvideos - F\u00e4hre Larne Cairnryan\",\"isPartOf\":{\"@id\":\"https:\/\/www.larne-cairnryan.com\/de\/#website\"},\"datePublished\":\"2024-03-15T13:05:19+00:00\",\"dateModified\":\"2024-03-18T09:48:08+00:00\",\"description\":\"Einen guten Eindruck von der F\u00e4hr\u00fcberfahrt bekommen? Sehen Sie sich Videos der Reise von Larne nach Cairnryan von Reisenden an, die vor Ihnen unterwegs waren.\",\"breadcrumb\":{\"@id\":\"https:\/\/www.larne-cairnryan.com\/de\/videos\/#breadcrumb\"},\"inLanguage\":\"en-US\",\"potentialAction\":[{\"@type\":\"ReadAction\",\"target\":[\"https:\/\/www.larne-cairnryan.com\/de\/videos\/\"]}]},{\"@type\":\"BreadcrumbList\",\"@id\":\"https:\/\/www.larne-cairnryan.com\/de\/videos\/#breadcrumb\",\"itemListElement\":[{\"@type\":\"ListItem\",\"position\":1,\"name\":\"Startseite\",\"item\":\"https:\/\/www.larne-cairnryan.com\/de\/\"},{\"@type\":\"ListItem\",\"position\":2,\"name\":\"F\u00e4hrenvideos\"}]},{\"@type\":\"WebSite\",\"@id\":\"https:\/\/www.larne-cairnryan.com\/de\/#website\",\"url\":\"https:\/\/www.larne-cairnryan.com\/de\/\",\"name\":\"F\u00e4hre Larne Cairnryan\",\"description\":\"\",\"publisher\":{\"@id\":\"https:\/\/www.larne-cairnryan.com\/de\/#organization\"},\"potentialAction\":[{\"@type\":\"SearchAction\",\"target\":{\"@type\":\"EntryPoint\",\"urlTemplate\":\"https:\/\/www.larne-cairnryan.com\/de\/?s={search_term_string}\"},\"query-input\":{\"@type\":\"PropertyValueSpecification\",\"valueRequired\":true,\"valueName\":\"search_term_string\"}}],\"inLanguage\":\"en-US\"},{\"@type\":\"Organization\",\"@id\":\"https:\/\/www.larne-cairnryan.com\/de\/#organization\",\"name\":\"F\u00e4hre Larne Cairnryan\",\"url\":\"https:\/\/www.larne-cairnryan.com\/de\/\",\"logo\":{\"@type\":\"ImageObject\",\"inLanguage\":\"en-US\",\"@id\":\"https:\/\/www.larne-cairnryan.com\/de\/#\/schema\/logo\/image\/\",\"url\":\"https:\/\/www.larne-cairnryan.com\/de\/wp-content\/uploads\/sites\/2\/2024\/03\/larne-cairnryan-fahre.png\",\"contentUrl\":\"https:\/\/www.larne-cairnryan.com\/de\/wp-content\/uploads\/sites\/2\/2024\/03\/larne-cairnryan-fahre.png\",\"width\":360,\"height\":60,\"caption\":\"F\u00e4hre Larne Cairnryan\"},\"image\":{\"@id\":\"https:\/\/www.larne-cairnryan.com\/de\/#\/schema\/logo\/image\/\"}}]}<\/script>\n<!-- \/ Yoast SEO plugin. -->","yoast_head_json":{"title":"F\u00e4hrenvideos - F\u00e4hre Larne Cairnryan","description":"Einen guten Eindruck von der F\u00e4hr\u00fcberfahrt bekommen? Sehen Sie sich Videos der Reise von Larne nach Cairnryan von Reisenden an, die vor Ihnen unterwegs waren.","robots":{"index":"index","follow":"follow","max-snippet":"max-snippet:-1","max-image-preview":"max-image-preview:large","max-video-preview":"max-video-preview:-1"},"canonical":"https:\/\/www.larne-cairnryan.com\/de\/videos\/","og_locale":"en_US","og_type":"article","og_title":"F\u00e4hrenvideos - F\u00e4hre Larne Cairnryan","og_description":"Einen guten Eindruck von der F\u00e4hr\u00fcberfahrt bekommen? Sehen Sie sich Videos der Reise von Larne nach Cairnryan von Reisenden an, die vor Ihnen unterwegs waren.","og_url":"https:\/\/www.larne-cairnryan.com\/de\/videos\/","og_site_name":"F\u00e4hre Larne Cairnryan","article_modified_time":"2024-03-18T09:48:08+00:00","twitter_card":"summary_large_image","twitter_misc":{"Est. reading time":"1 minute"},"schema":{"@context":"https:\/\/schema.org","@graph":[{"@type":"WebPage","@id":"https:\/\/www.larne-cairnryan.com\/de\/videos\/","url":"https:\/\/www.larne-cairnryan.com\/de\/videos\/","name":"F\u00e4hrenvideos - F\u00e4hre Larne Cairnryan","isPartOf":{"@id":"https:\/\/www.larne-cairnryan.com\/de\/#website"},"datePublished":"2024-03-15T13:05:19+00:00","dateModified":"2024-03-18T09:48:08+00:00","description":"Einen guten Eindruck von der F\u00e4hr\u00fcberfahrt bekommen? Sehen Sie sich Videos der Reise von Larne nach Cairnryan von Reisenden an, die vor Ihnen unterwegs waren.","breadcrumb":{"@id":"https:\/\/www.larne-cairnryan.com\/de\/videos\/#breadcrumb"},"inLanguage":"en-US","potentialAction":[{"@type":"ReadAction","target":["https:\/\/www.larne-cairnryan.com\/de\/videos\/"]}]},{"@type":"BreadcrumbList","@id":"https:\/\/www.larne-cairnryan.com\/de\/videos\/#breadcrumb","itemListElement":[{"@type":"ListItem","position":1,"name":"Startseite","item":"https:\/\/www.larne-cairnryan.com\/de\/"},{"@type":"ListItem","position":2,"name":"F\u00e4hrenvideos"}]},{"@type":"WebSite","@id":"https:\/\/www.larne-cairnryan.com\/de\/#website","url":"https:\/\/www.larne-cairnryan.com\/de\/","name":"F\u00e4hre Larne Cairnryan","description":"","publisher":{"@id":"https:\/\/www.larne-cairnryan.com\/de\/#organization"},"potentialAction":[{"@type":"SearchAction","target":{"@type":"EntryPoint","urlTemplate":"https:\/\/www.larne-cairnryan.com\/de\/?s={search_term_string}"},"query-input":{"@type":"PropertyValueSpecification","valueRequired":true,"valueName":"search_term_string"}}],"inLanguage":"en-US"},{"@type":"Organization","@id":"https:\/\/www.larne-cairnryan.com\/de\/#organization","name":"F\u00e4hre Larne Cairnryan","url":"https:\/\/www.larne-cairnryan.com\/de\/","logo":{"@type":"ImageObject","inLanguage":"en-US","@id":"https:\/\/www.larne-cairnryan.com\/de\/#\/schema\/logo\/image\/","url":"https:\/\/www.larne-cairnryan.com\/de\/wp-content\/uploads\/sites\/2\/2024\/03\/larne-cairnryan-fahre.png","contentUrl":"https:\/\/www.larne-cairnryan.com\/de\/wp-content\/uploads\/sites\/2\/2024\/03\/larne-cairnryan-fahre.png","width":360,"height":60,"caption":"F\u00e4hre Larne Cairnryan"},"image":{"@id":"https:\/\/www.larne-cairnryan.com\/de\/#\/schema\/logo\/image\/"}}]}},"_links":{"self":[{"href":"https:\/\/www.larne-cairnryan.com\/de\/wp-json\/wp\/v2\/pages\/59","targetHints":{"allow":["GET"]}}],"collection":[{"href":"https:\/\/www.larne-cairnryan.com\/de\/wp-json\/wp\/v2\/pages"}],"about":[{"href":"https:\/\/www.larne-cairnryan.com\/de\/wp-json\/wp\/v2\/types\/page"}],"author":[{"embeddable":true,"href":"https:\/\/www.larne-cairnryan.com\/de\/wp-json\/wp\/v2\/users\/1"}],"replies":[{"embeddable":true,"href":"https:\/\/www.larne-cairnryan.com\/de\/wp-json\/wp\/v2\/comments?post=59"}],"version-history":[{"count":8,"href":"https:\/\/www.larne-cairnryan.com\/de\/wp-json\/wp\/v2\/pages\/59\/revisions"}],"predecessor-version":[{"id":134,"href":"https:\/\/www.larne-cairnryan.com\/de\/wp-json\/wp\/v2\/pages\/59\/revisions\/134"}],"wp:attachment":[{"href":"https:\/\/www.larne-cairnryan.com\/de\/wp-json\/wp\/v2\/media?parent=59"}],"curies":[{"name":"wp","href":"https:\/\/api.w.org\/{rel}","templated":true}]}}